{"id":201,"date":"2024-03-30T15:46:31","date_gmt":"2024-03-30T15:46:31","guid":{"rendered":"https:\/\/www.rv-gabonexpeditions.com\/?page_id=201"},"modified":"2024-04-13T20:05:52","modified_gmt":"2024-04-13T20:05:52","slug":"circuits","status":"publish","type":"page","link":"https:\/\/www.rv-gabonexpeditions.com\/es\/circuits\/","title":{"rendered":"Visitas"},"content":{"rendered":"<div data-elementor-type=\"wp-page\" data-elementor-id=\"201\" class=\"elementor elementor-201\" data-elementor-post-type=\"page\">\n\t\t\t\t<div class=\"elementor-element elementor-element-41c7fd1 e-flex e-con-boxed e-con e-parent\" data-id=\"41c7fd1\" data-element_type=\"container\" data-e-type=\"container\">\n\t\t\t\t\t<div class=\"e-con-inner\">\n\t\t<div class=\"elementor-element elementor-element-44b6347 e-flex e-con-boxed e-con e-child\" data-id=\"44b6347\" data-element_type=\"container\" data-e-type=\"container\" data-settings=\"{&quot;background_background&quot;:&quot;classic&quot;}\">\n\t\t\t\t\t<div class=\"e-con-inner\">\n\t\t\t\t<div class=\"elementor-element elementor-element-4807b0c elementor-invisible elementor-widget elementor-widget-heading\" data-id=\"4807b0c\" data-element_type=\"widget\" data-e-type=\"widget\" data-settings=\"{&quot;_animation&quot;:&quot;fadeInDown&quot;}\" data-widget_type=\"heading.default\">\n\t\t\t\t<div class=\"elementor-widget-container\">\n\t\t\t\t\t<h2 class=\"elementor-heading-title elementor-size-default\">Aventura, descubrimiento y maravilla: Encuentre el viaje m\u00e1s adecuado para usted<\/h2>\t\t\t\t<\/div>\n\t\t\t\t<\/div>\n\t\t\t\t<div class=\"elementor-element elementor-element-f9e466c elementor-invisible elementor-widget elementor-widget-text-editor\" data-id=\"f9e466c\" data-element_type=\"widget\" data-e-type=\"widget\" data-settings=\"{&quot;_animation&quot;:&quot;fadeInUp&quot;}\" data-widget_type=\"text-editor.default\">\n\t\t\t\t<div class=\"elementor-widget-container\">\n\t\t\t\t\t\t\t\t\t<p>Viajar a Gab\u00f3n es sin\u00f3nimo de transportarse al \"\u00faltimo ed\u00e9n de \u00c1frica\". As\u00ed presentaba la prestigiosa revista National Geographic la Rep\u00fablica Gabonesa.<\/p><p>Tambi\u00e9n conocida como la \"Costa Rica de \u00c1frica\", Gab\u00f3n posee la selva tropical m\u00e1s densa y virgen del continente (ocupa el 85% de su territorio) y la mayor poblaci\u00f3n mundial de elefantes de bosque , tortugas la\u00fad y ballenas jorobadas, entre otros.<\/p><p>\u00a0<\/p>\t\t\t\t\t\t\t\t<\/div>\n\t\t\t\t<\/div>\n\t\t\t\t\t<\/div>\n\t\t\t\t<\/div>\n\t\t\t\t\t<\/div>\n\t\t\t\t<\/div>\n\t\t<div class=\"elementor-element elementor-element-7fdee74 e-flex e-con-boxed e-con e-parent\" data-id=\"7fdee74\" data-element_type=\"container\" data-e-type=\"container\">\n\t\t\t\t\t<div class=\"e-con-inner\">\n\t\t\t\t<div class=\"elementor-element elementor-element-cac22fd elementor-widget elementor-widget-spacer\" data-id=\"cac22fd\" data-element_type=\"widget\" data-e-type=\"widget\" data-widget_type=\"spacer.default\">\n\t\t\t\t<div class=\"elementor-widget-container\">\n\t\t\t\t\t\t\t<div class=\"elementor-spacer\">\n\t\t\t<div class=\"elementor-spacer-inner\"><\/div>\n\t\t<\/div>\n\t\t\t\t\t\t<\/div>\n\t\t\t\t<\/div>\n\t\t\t\t\t<\/div>\n\t\t\t\t<\/div>\n\t\t<div class=\"elementor-element elementor-element-a07a8ff e-flex e-con-boxed e-con e-parent\" data-id=\"a07a8ff\" data-element_type=\"container\" data-e-type=\"container\">\n\t\t\t\t\t<div class=\"e-con-inner\">\n\t\t<div class=\"elementor-element elementor-element-93e0934 e-flex e-con-boxed e-con e-child\" data-id=\"93e0934\" data-element_type=\"container\" data-e-type=\"container\">\n\t\t\t\t\t<div class=\"e-con-inner\">\n\t\t<div class=\"elementor-element elementor-element-ed05ff1 elementor-hidden-mobile e-flex e-con-boxed e-con e-child\" data-id=\"ed05ff1\" data-element_type=\"container\" data-e-type=\"container\" data-settings=\"{&quot;background_background&quot;:&quot;classic&quot;}\">\n\t\t\t\t\t<div class=\"e-con-inner\">\n\t\t\t\t\t<\/div>\n\t\t\t\t<\/div>\n\t\t<div class=\"elementor-element elementor-element-e9a16d2 e-flex e-con-boxed e-con e-child\" data-id=\"e9a16d2\" data-element_type=\"container\" data-e-type=\"container\">\n\t\t\t\t\t<div class=\"e-con-inner\">\n\t\t\t\t<div class=\"elementor-element elementor-element-3fa91de elementor-invisible elementor-widget elementor-widget-heading\" data-id=\"3fa91de\" data-element_type=\"widget\" data-e-type=\"widget\" data-settings=\"{&quot;_animation&quot;:&quot;fadeInUp&quot;}\" data-widget_type=\"heading.default\">\n\t\t\t\t<div class=\"elementor-widget-container\">\n\t\t\t\t\t<h2 class=\"elementor-heading-title elementor-size-default\">Explore la biodiversidad de Gab\u00f3n<\/h2>\t\t\t\t<\/div>\n\t\t\t\t<\/div>\n\t\t\t\t<div class=\"elementor-element elementor-element-88c3ed2 elementor-widget-divider--view-line elementor-widget elementor-widget-divider\" data-id=\"88c3ed2\" data-element_type=\"widget\" data-e-type=\"widget\" data-widget_type=\"divider.default\">\n\t\t\t\t<div class=\"elementor-widget-container\">\n\t\t\t\t\t\t\t<div class=\"elementor-divider\">\n\t\t\t<span class=\"elementor-divider-separator\">\n\t\t\t\t\t\t<\/span>\n\t\t<\/div>\n\t\t\t\t\t\t<\/div>\n\t\t\t\t<\/div>\n\t\t<div class=\"elementor-element elementor-element-8a1bcc9 elementor-hidden-desktop elementor-hidden-tablet e-flex e-con-boxed e-con e-child\" data-id=\"8a1bcc9\" data-element_type=\"container\" data-e-type=\"container\" data-settings=\"{&quot;background_background&quot;:&quot;classic&quot;}\">\n\t\t\t\t\t<div class=\"e-con-inner\">\n\t\t\t\t\t<\/div>\n\t\t\t\t<\/div>\n\t\t\t\t<div class=\"elementor-element elementor-element-c155ec0 elementor-widget elementor-widget-text-editor\" data-id=\"c155ec0\" data-element_type=\"widget\" data-e-type=\"widget\" data-widget_type=\"text-editor.default\">\n\t\t\t\t<div class=\"elementor-widget-container\">\n\t\t\t\t\t\t\t\t\t<p>Explore las maravillas de la naturaleza gabonesa. Camine por la exuberante selva tropical, observe gorilas y elefantes en libertad y descubra la excepcional fauna salvaje del pa\u00eds.<\/p>\t\t\t\t\t\t\t\t<\/div>\n\t\t\t\t<\/div>\n\t\t\t\t<div class=\"elementor-element elementor-element-6ba38fc elementor-widget elementor-widget-button\" data-id=\"6ba38fc\" data-element_type=\"widget\" data-e-type=\"widget\" data-widget_type=\"button.default\">\n\t\t\t\t<div class=\"elementor-widget-container\">\n\t\t\t\t\t\t\t\t\t<div class=\"elementor-button-wrapper\">\n\t\t\t\t\t<a class=\"elementor-button elementor-button-link elementor-size-sm\" href=\"https:\/\/www.rv-gabonexpeditions.com\/es\/circuit-nature\/\">\n\t\t\t\t\t\t<span class=\"elementor-button-content-wrapper\">\n\t\t\t\t\t\t\t\t\t<span class=\"elementor-button-text\">M\u00e1s informaci\u00f3n<\/span>\n\t\t\t\t\t<\/span>\n\t\t\t\t\t<\/a>\n\t\t\t\t<\/div>\n\t\t\t\t\t\t\t\t<\/div>\n\t\t\t\t<\/div>\n\t\t\t\t\t<\/div>\n\t\t\t\t<\/div>\n\t\t\t\t\t<\/div>\n\t\t\t\t<\/div>\n\t\t\t\t\t<\/div>\n\t\t\t\t<\/div>\n\t\t<div class=\"elementor-element elementor-element-b7f0ecd e-flex e-con-boxed e-con e-parent\" data-id=\"b7f0ecd\" data-element_type=\"container\" data-e-type=\"container\">\n\t\t\t\t\t<div class=\"e-con-inner\">\n\t\t<div class=\"elementor-element elementor-element-6fd8462 e-flex e-con-boxed e-con e-child\" data-id=\"6fd8462\" data-element_type=\"container\" data-e-type=\"container\">\n\t\t\t\t\t<div class=\"e-con-inner\">\n\t\t<div class=\"elementor-element elementor-element-a16c3d8 e-flex e-con-boxed e-con e-child\" data-id=\"a16c3d8\" data-element_type=\"container\" data-e-type=\"container\">\n\t\t\t\t\t<div class=\"e-con-inner\">\n\t\t\t\t<div class=\"elementor-element elementor-element-b18e843 elementor-invisible elementor-widget elementor-widget-heading\" data-id=\"b18e843\" data-element_type=\"widget\" data-e-type=\"widget\" data-settings=\"{&quot;_animation&quot;:&quot;fadeInUp&quot;}\" data-widget_type=\"heading.default\">\n\t\t\t\t<div class=\"elementor-widget-container\">\n\t\t\t\t\t<h2 class=\"elementor-heading-title elementor-size-default\">Cultura <br>&amp; Traditions Tour<\/h2>\t\t\t\t<\/div>\n\t\t\t\t<\/div>\n\t\t\t\t<div class=\"elementor-element elementor-element-24013c6 elementor-widget-divider--view-line elementor-widget elementor-widget-divider\" data-id=\"24013c6\" data-element_type=\"widget\" data-e-type=\"widget\" data-widget_type=\"divider.default\">\n\t\t\t\t<div class=\"elementor-widget-container\">\n\t\t\t\t\t\t\t<div class=\"elementor-divider\">\n\t\t\t<span class=\"elementor-divider-separator\">\n\t\t\t\t\t\t<\/span>\n\t\t<\/div>\n\t\t\t\t\t\t<\/div>\n\t\t\t\t<\/div>\n\t\t<div class=\"elementor-element elementor-element-0f4aa1a elementor-hidden-desktop elementor-hidden-tablet e-flex e-con-boxed e-con e-child\" data-id=\"0f4aa1a\" data-element_type=\"container\" data-e-type=\"container\" data-settings=\"{&quot;background_background&quot;:&quot;classic&quot;}\">\n\t\t\t\t\t<div class=\"e-con-inner\">\n\t\t\t\t\t<\/div>\n\t\t\t\t<\/div>\n\t\t\t\t<div class=\"elementor-element elementor-element-427731a elementor-widget elementor-widget-text-editor\" data-id=\"427731a\" data-element_type=\"widget\" data-e-type=\"widget\" data-widget_type=\"text-editor.default\">\n\t\t\t\t<div class=\"elementor-widget-container\">\n\t\t\t\t\t\t\t\t\t<p>Emb\u00e1rquese en un viaje para descubrir las vibrantes tradiciones y cultura de Gab\u00f3n. Visite aut\u00e9nticas aldeas, conozca a sus c\u00e1lidas gentes y aprenda sobre su artesan\u00eda, m\u00fasica y danzas tradicionales.<\/p>\t\t\t\t\t\t\t\t<\/div>\n\t\t\t\t<\/div>\n\t\t\t\t<div class=\"elementor-element elementor-element-e330ed0 elementor-widget elementor-widget-button\" data-id=\"e330ed0\" data-element_type=\"widget\" data-e-type=\"widget\" data-widget_type=\"button.default\">\n\t\t\t\t<div class=\"elementor-widget-container\">\n\t\t\t\t\t\t\t\t\t<div class=\"elementor-button-wrapper\">\n\t\t\t\t\t<a class=\"elementor-button elementor-button-link elementor-size-sm\" href=\"https:\/\/www.rv-gabonexpeditions.com\/es\/circuits-culture\/\">\n\t\t\t\t\t\t<span class=\"elementor-button-content-wrapper\">\n\t\t\t\t\t\t\t\t\t<span class=\"elementor-button-text\">M\u00e1s informaci\u00f3n <\/span>\n\t\t\t\t\t<\/span>\n\t\t\t\t\t<\/a>\n\t\t\t\t<\/div>\n\t\t\t\t\t\t\t\t<\/div>\n\t\t\t\t<\/div>\n\t\t\t\t\t<\/div>\n\t\t\t\t<\/div>\n\t\t<div class=\"elementor-element elementor-element-1ba40d9 elementor-hidden-mobile e-flex e-con-boxed e-con e-child\" data-id=\"1ba40d9\" data-element_type=\"container\" data-e-type=\"container\" data-settings=\"{&quot;background_background&quot;:&quot;classic&quot;}\">\n\t\t\t\t\t<div class=\"e-con-inner\">\n\t\t\t\t\t<\/div>\n\t\t\t\t<\/div>\n\t\t\t\t\t<\/div>\n\t\t\t\t<\/div>\n\t\t\t\t\t<\/div>\n\t\t\t\t<\/div>\n\t\t<div class=\"elementor-element elementor-element-ed7f645 e-flex e-con-boxed e-con e-parent\" data-id=\"ed7f645\" data-element_type=\"container\" data-e-type=\"container\">\n\t\t\t\t\t<div class=\"e-con-inner\">\n\t\t<div class=\"elementor-element elementor-element-b33e733 e-flex e-con-boxed e-con e-child\" data-id=\"b33e733\" data-element_type=\"container\" data-e-type=\"container\">\n\t\t\t\t\t<div class=\"e-con-inner\">\n\t\t<div class=\"elementor-element elementor-element-9b3d718 elementor-hidden-mobile e-flex e-con-boxed e-con e-child\" data-id=\"9b3d718\" data-element_type=\"container\" data-e-type=\"container\" data-settings=\"{&quot;background_background&quot;:&quot;classic&quot;}\">\n\t\t\t\t\t<div class=\"e-con-inner\">\n\t\t\t\t\t<\/div>\n\t\t\t\t<\/div>\n\t\t<div class=\"elementor-element elementor-element-62a6869 e-flex e-con-boxed e-con e-child\" data-id=\"62a6869\" data-element_type=\"container\" data-e-type=\"container\">\n\t\t\t\t\t<div class=\"e-con-inner\">\n\t\t\t\t<div class=\"elementor-element elementor-element-d9ea304 elementor-invisible elementor-widget elementor-widget-heading\" data-id=\"d9ea304\" data-element_type=\"widget\" data-e-type=\"widget\" data-settings=\"{&quot;_animation&quot;:&quot;fadeInUp&quot;}\" data-widget_type=\"heading.default\">\n\t\t\t\t<div class=\"elementor-widget-container\">\n\t\t\t\t\t<h2 class=\"elementor-heading-title elementor-size-default\">Una experiencia completa en Gab\u00f3n <\/h2>\t\t\t\t<\/div>\n\t\t\t\t<\/div>\n\t\t\t\t<div class=\"elementor-element elementor-element-69f717a elementor-widget-divider--view-line elementor-widget elementor-widget-divider\" data-id=\"69f717a\" data-element_type=\"widget\" data-e-type=\"widget\" data-widget_type=\"divider.default\">\n\t\t\t\t<div class=\"elementor-widget-container\">\n\t\t\t\t\t\t\t<div class=\"elementor-divider\">\n\t\t\t<span class=\"elementor-divider-separator\">\n\t\t\t\t\t\t<\/span>\n\t\t<\/div>\n\t\t\t\t\t\t<\/div>\n\t\t\t\t<\/div>\n\t\t<div class=\"elementor-element elementor-element-a75c175 elementor-hidden-desktop elementor-hidden-tablet e-flex e-con-boxed e-con e-child\" data-id=\"a75c175\" data-element_type=\"container\" data-e-type=\"container\" data-settings=\"{&quot;background_background&quot;:&quot;classic&quot;}\">\n\t\t\t\t\t<div class=\"e-con-inner\">\n\t\t\t\t\t<\/div>\n\t\t\t\t<\/div>\n\t\t\t\t<div class=\"elementor-element elementor-element-ad41263 elementor-widget elementor-widget-text-editor\" data-id=\"ad41263\" data-element_type=\"widget\" data-e-type=\"widget\" data-widget_type=\"text-editor.default\">\n\t\t\t\t<div class=\"elementor-widget-container\">\n\t\t\t\t\t\t\t\t\t<p>Combine aventura e inmersi\u00f3n cultural para vivir una experiencia \u00fanica en Gab\u00f3n. Practique senderismo en la selva tropical, observe la vida salvaje y descubra despu\u00e9s las tradiciones y la vida cotidiana de los habitantes.<\/p>\t\t\t\t\t\t\t\t<\/div>\n\t\t\t\t<\/div>\n\t\t\t\t<div class=\"elementor-element elementor-element-338769e elementor-widget elementor-widget-button\" data-id=\"338769e\" data-element_type=\"widget\" data-e-type=\"widget\" data-widget_type=\"button.default\">\n\t\t\t\t<div class=\"elementor-widget-container\">\n\t\t\t\t\t\t\t\t\t<div class=\"elementor-button-wrapper\">\n\t\t\t\t\t<a class=\"elementor-button elementor-button-link elementor-size-sm\" href=\"https:\/\/www.rv-gabonexpeditions.com\/es\/circuit-nature-culture\/\">\n\t\t\t\t\t\t<span class=\"elementor-button-content-wrapper\">\n\t\t\t\t\t\t\t\t\t<span class=\"elementor-button-text\">M\u00e1s informaci\u00f3n<\/span>\n\t\t\t\t\t<\/span>\n\t\t\t\t\t<\/a>\n\t\t\t\t<\/div>\n\t\t\t\t\t\t\t\t<\/div>\n\t\t\t\t<\/div>\n\t\t\t\t\t<\/div>\n\t\t\t\t<\/div>\n\t\t\t\t\t<\/div>\n\t\t\t\t<\/div>\n\t\t\t\t\t<\/div>\n\t\t\t\t<\/div>\n\t\t<div class=\"elementor-element elementor-element-8637d82 e-flex e-con-boxed e-con e-parent\" data-id=\"8637d82\" data-element_type=\"container\" data-e-type=\"container\">\n\t\t\t\t\t<div class=\"e-con-inner\">\n\t\t\t\t<div class=\"elementor-element elementor-element-516770b elementor-widget elementor-widget-spacer\" data-id=\"516770b\" data-element_type=\"widget\" data-e-type=\"widget\" data-widget_type=\"spacer.default\">\n\t\t\t\t<div class=\"elementor-widget-container\">\n\t\t\t\t\t\t\t<div class=\"elementor-spacer\">\n\t\t\t<div class=\"elementor-spacer-inner\"><\/div>\n\t\t<\/div>\n\t\t\t\t\t\t<\/div>\n\t\t\t\t<\/div>\n\t\t\t\t\t<\/div>\n\t\t\t\t<\/div>\n\t\t\t\t<\/div>","protected":false},"excerpt":{"rendered":"<p>Adventure, Discovery, and Wonder: Find the Tour That&#8217;s Right for You Traveling to Gabon is synonymous with being transported to \u201cAfrica\u2019s Last Eden\u201d. This is how the prestigious National Geographic magazine presented the Gabonese Republic. Also known as the &#8220;Costa Rica of Africa&#8221;, Gabon has the continent&#8217;s densest and most pristine rainforest (occupying 85% of&hellip; <a class=\"more-link\" href=\"https:\/\/www.rv-gabonexpeditions.com\/es\/circuits\/\">Seguir leyendo <span class=\"screen-reader-text\">Visitas<\/span><\/a><\/p>","protected":false},"author":1,"featured_media":819,"parent":0,"menu_order":0,"comment_status":"closed","ping_status":"closed","template":"elementor_header_footer","meta":{"footnotes":""},"class_list":["post-201","page","type-page","status-publish","has-post-thumbnail","hentry","entry"],"yoast_head":"<!-- This site is optimized with the Yoast SEO plugin v27.2 - https:\/\/yoast.com\/product\/yoast-seo-wordpress\/ -->\n<title>Tours - Rv Gabon Expeditions<\/title>\n<meta name=\"description\" content=\"Discover our curated selection of nature, culture, and combined tours, designed to suit every adventurer&#039;s desires.\" \/>\n<meta name=\"robots\" content=\"index, follow, max-snippet:-1, max-image-preview:large, max-video-preview:-1\" \/>\n<link rel=\"canonical\" href=\"https:\/\/www.rv-gabonexpeditions.com\/es\/circuits\/\" \/>\n<meta property=\"og:locale\" content=\"es_ES\" \/>\n<meta property=\"og:type\" content=\"article\" \/>\n<meta property=\"og:title\" content=\"Tours - Rv Gabon Expeditions\" \/>\n<meta property=\"og:description\" content=\"Discover our curated selection of nature, culture, and combined tours, designed to suit every adventurer&#039;s desires.\" \/>\n<meta property=\"og:url\" content=\"https:\/\/www.rv-gabonexpeditions.com\/es\/circuits\/\" \/>\n<meta property=\"og:site_name\" content=\"Rv Gabon Expeditions\" \/>\n<meta property=\"article:modified_time\" content=\"2024-04-13T20:05:52+00:00\" \/>\n<meta property=\"og:image\" content=\"https:\/\/www.rv-gabonexpeditions.com\/wp-content\/uploads\/2024\/04\/FB_IMG_1651604103328.jpg\" \/>\n\t<meta property=\"og:image:width\" content=\"960\" \/>\n\t<meta property=\"og:image:height\" content=\"720\" \/>\n\t<meta property=\"og:image:type\" content=\"image\/jpeg\" \/>\n<meta name=\"twitter:card\" content=\"summary_large_image\" \/>\n<meta name=\"twitter:label1\" content=\"Tiempo de lectura\" \/>\n\t<meta name=\"twitter:data1\" content=\"2 minutos\" \/>\n<script type=\"application\/ld+json\" class=\"yoast-schema-graph\">{\"@context\":\"https:\/\/schema.org\",\"@graph\":[{\"@type\":\"WebPage\",\"@id\":\"https:\/\/www.rv-gabonexpeditions.com\/circuits\/\",\"url\":\"https:\/\/www.rv-gabonexpeditions.com\/circuits\/\",\"name\":\"Tours - Rv Gabon Expeditions\",\"isPartOf\":{\"@id\":\"https:\/\/www.rv-gabonexpeditions.com\/#website\"},\"primaryImageOfPage\":{\"@id\":\"https:\/\/www.rv-gabonexpeditions.com\/circuits\/#primaryimage\"},\"image\":{\"@id\":\"https:\/\/www.rv-gabonexpeditions.com\/circuits\/#primaryimage\"},\"thumbnailUrl\":\"https:\/\/www.rv-gabonexpeditions.com\/wp-content\/uploads\/2024\/04\/FB_IMG_1651604103328.jpg\",\"datePublished\":\"2024-03-30T15:46:31+00:00\",\"dateModified\":\"2024-04-13T20:05:52+00:00\",\"description\":\"Discover our curated selection of nature, culture, and combined tours, designed to suit every adventurer's desires.\",\"breadcrumb\":{\"@id\":\"https:\/\/www.rv-gabonexpeditions.com\/circuits\/#breadcrumb\"},\"inLanguage\":\"es\",\"potentialAction\":[{\"@type\":\"ReadAction\",\"target\":[\"https:\/\/www.rv-gabonexpeditions.com\/circuits\/\"]}]},{\"@type\":\"ImageObject\",\"inLanguage\":\"es\",\"@id\":\"https:\/\/www.rv-gabonexpeditions.com\/circuits\/#primaryimage\",\"url\":\"https:\/\/www.rv-gabonexpeditions.com\/wp-content\/uploads\/2024\/04\/FB_IMG_1651604103328.jpg\",\"contentUrl\":\"https:\/\/www.rv-gabonexpeditions.com\/wp-content\/uploads\/2024\/04\/FB_IMG_1651604103328.jpg\",\"width\":960,\"height\":720,\"caption\":\"Expedition gabon\"},{\"@type\":\"BreadcrumbList\",\"@id\":\"https:\/\/www.rv-gabonexpeditions.com\/circuits\/#breadcrumb\",\"itemListElement\":[{\"@type\":\"ListItem\",\"position\":1,\"name\":\"Accueil\",\"item\":\"https:\/\/www.rv-gabonexpeditions.com\/\"},{\"@type\":\"ListItem\",\"position\":2,\"name\":\"Tours\"}]},{\"@type\":\"WebSite\",\"@id\":\"https:\/\/www.rv-gabonexpeditions.com\/#website\",\"url\":\"https:\/\/www.rv-gabonexpeditions.com\/\",\"name\":\"Rv Gabon Expeditions\",\"description\":\"Off Beaten Track\",\"publisher\":{\"@id\":\"https:\/\/www.rv-gabonexpeditions.com\/#organization\"},\"potentialAction\":[{\"@type\":\"SearchAction\",\"target\":{\"@type\":\"EntryPoint\",\"urlTemplate\":\"https:\/\/www.rv-gabonexpeditions.com\/?s={search_term_string}\"},\"query-input\":{\"@type\":\"PropertyValueSpecification\",\"valueRequired\":true,\"valueName\":\"search_term_string\"}}],\"inLanguage\":\"es\"},{\"@type\":\"Organization\",\"@id\":\"https:\/\/www.rv-gabonexpeditions.com\/#organization\",\"name\":\"Rv Gabon Expeditions\",\"url\":\"https:\/\/www.rv-gabonexpeditions.com\/\",\"logo\":{\"@type\":\"ImageObject\",\"inLanguage\":\"es\",\"@id\":\"https:\/\/www.rv-gabonexpeditions.com\/#\/schema\/logo\/image\/\",\"url\":\"https:\/\/www.rv-gabonexpeditions.com\/wp-content\/uploads\/2024\/03\/RV-GABON-EXPEDITIONS-LOGO_Plan-de-travail-1-copie.png\",\"contentUrl\":\"https:\/\/www.rv-gabonexpeditions.com\/wp-content\/uploads\/2024\/03\/RV-GABON-EXPEDITIONS-LOGO_Plan-de-travail-1-copie.png\",\"width\":4501,\"height\":4500,\"caption\":\"Rv Gabon Expeditions\"},\"image\":{\"@id\":\"https:\/\/www.rv-gabonexpeditions.com\/#\/schema\/logo\/image\/\"}}]}<\/script>\n<!-- \/ Yoast SEO plugin. -->","yoast_head_json":{"title":"Tours - Rv Gabon Expeditions","description":"Discover our curated selection of nature, culture, and combined tours, designed to suit every adventurer's desires.","robots":{"index":"index","follow":"follow","max-snippet":"max-snippet:-1","max-image-preview":"max-image-preview:large","max-video-preview":"max-video-preview:-1"},"canonical":"https:\/\/www.rv-gabonexpeditions.com\/es\/circuits\/","og_locale":"es_ES","og_type":"article","og_title":"Tours - Rv Gabon Expeditions","og_description":"Discover our curated selection of nature, culture, and combined tours, designed to suit every adventurer's desires.","og_url":"https:\/\/www.rv-gabonexpeditions.com\/es\/circuits\/","og_site_name":"Rv Gabon Expeditions","article_modified_time":"2024-04-13T20:05:52+00:00","og_image":[{"width":960,"height":720,"url":"https:\/\/www.rv-gabonexpeditions.com\/wp-content\/uploads\/2024\/04\/FB_IMG_1651604103328.jpg","type":"image\/jpeg"}],"twitter_card":"summary_large_image","twitter_misc":{"Tiempo de lectura":"2 minutos"},"schema":{"@context":"https:\/\/schema.org","@graph":[{"@type":"WebPage","@id":"https:\/\/www.rv-gabonexpeditions.com\/circuits\/","url":"https:\/\/www.rv-gabonexpeditions.com\/circuits\/","name":"Tours - Rv Gabon Expeditions","isPartOf":{"@id":"https:\/\/www.rv-gabonexpeditions.com\/#website"},"primaryImageOfPage":{"@id":"https:\/\/www.rv-gabonexpeditions.com\/circuits\/#primaryimage"},"image":{"@id":"https:\/\/www.rv-gabonexpeditions.com\/circuits\/#primaryimage"},"thumbnailUrl":"https:\/\/www.rv-gabonexpeditions.com\/wp-content\/uploads\/2024\/04\/FB_IMG_1651604103328.jpg","datePublished":"2024-03-30T15:46:31+00:00","dateModified":"2024-04-13T20:05:52+00:00","description":"Discover our curated selection of nature, culture, and combined tours, designed to suit every adventurer's desires.","breadcrumb":{"@id":"https:\/\/www.rv-gabonexpeditions.com\/circuits\/#breadcrumb"},"inLanguage":"es","potentialAction":[{"@type":"ReadAction","target":["https:\/\/www.rv-gabonexpeditions.com\/circuits\/"]}]},{"@type":"ImageObject","inLanguage":"es","@id":"https:\/\/www.rv-gabonexpeditions.com\/circuits\/#primaryimage","url":"https:\/\/www.rv-gabonexpeditions.com\/wp-content\/uploads\/2024\/04\/FB_IMG_1651604103328.jpg","contentUrl":"https:\/\/www.rv-gabonexpeditions.com\/wp-content\/uploads\/2024\/04\/FB_IMG_1651604103328.jpg","width":960,"height":720,"caption":"Expedition gabon"},{"@type":"BreadcrumbList","@id":"https:\/\/www.rv-gabonexpeditions.com\/circuits\/#breadcrumb","itemListElement":[{"@type":"ListItem","position":1,"name":"Accueil","item":"https:\/\/www.rv-gabonexpeditions.com\/"},{"@type":"ListItem","position":2,"name":"Tours"}]},{"@type":"WebSite","@id":"https:\/\/www.rv-gabonexpeditions.com\/#website","url":"https:\/\/www.rv-gabonexpeditions.com\/","name":"Rv Gabon Expeditions","description":"Off Beaten Track","publisher":{"@id":"https:\/\/www.rv-gabonexpeditions.com\/#organization"},"potentialAction":[{"@type":"SearchAction","target":{"@type":"EntryPoint","urlTemplate":"https:\/\/www.rv-gabonexpeditions.com\/?s={search_term_string}"},"query-input":{"@type":"PropertyValueSpecification","valueRequired":true,"valueName":"search_term_string"}}],"inLanguage":"es"},{"@type":"Organization","@id":"https:\/\/www.rv-gabonexpeditions.com\/#organization","name":"Rv Gabon Expeditions","url":"https:\/\/www.rv-gabonexpeditions.com\/","logo":{"@type":"ImageObject","inLanguage":"es","@id":"https:\/\/www.rv-gabonexpeditions.com\/#\/schema\/logo\/image\/","url":"https:\/\/www.rv-gabonexpeditions.com\/wp-content\/uploads\/2024\/03\/RV-GABON-EXPEDITIONS-LOGO_Plan-de-travail-1-copie.png","contentUrl":"https:\/\/www.rv-gabonexpeditions.com\/wp-content\/uploads\/2024\/03\/RV-GABON-EXPEDITIONS-LOGO_Plan-de-travail-1-copie.png","width":4501,"height":4500,"caption":"Rv Gabon Expeditions"},"image":{"@id":"https:\/\/www.rv-gabonexpeditions.com\/#\/schema\/logo\/image\/"}}]}},"_links":{"self":[{"href":"https:\/\/www.rv-gabonexpeditions.com\/es\/wp-json\/wp\/v2\/pages\/201","targetHints":{"allow":["GET"]}}],"collection":[{"href":"https:\/\/www.rv-gabonexpeditions.com\/es\/wp-json\/wp\/v2\/pages"}],"about":[{"href":"https:\/\/www.rv-gabonexpeditions.com\/es\/wp-json\/wp\/v2\/types\/page"}],"author":[{"embeddable":true,"href":"https:\/\/www.rv-gabonexpeditions.com\/es\/wp-json\/wp\/v2\/users\/1"}],"replies":[{"embeddable":true,"href":"https:\/\/www.rv-gabonexpeditions.com\/es\/wp-json\/wp\/v2\/comments?post=201"}],"version-history":[{"count":77,"href":"https:\/\/www.rv-gabonexpeditions.com\/es\/wp-json\/wp\/v2\/pages\/201\/revisions"}],"predecessor-version":[{"id":875,"href":"https:\/\/www.rv-gabonexpeditions.com\/es\/wp-json\/wp\/v2\/pages\/201\/revisions\/875"}],"wp:featuredmedia":[{"embeddable":true,"href":"https:\/\/www.rv-gabonexpeditions.com\/es\/wp-json\/wp\/v2\/media\/819"}],"wp:attachment":[{"href":"https:\/\/www.rv-gabonexpeditions.com\/es\/wp-json\/wp\/v2\/media?parent=201"}],"curies":[{"name":"wp","href":"https:\/\/api.w.org\/{rel}","templated":true}]}}